{"id":2817,"date":"2018-01-15T09:56:27","date_gmt":"2018-01-15T09:56:27","guid":{"rendered":"http:\/\/ranbron.bolvo.com\/?page_id=6"},"modified":"2025-06-10T16:10:01","modified_gmt":"2025-06-10T19:10:01","slug":"home-2","status":"publish","type":"page","link":"https:\/\/lucchesidolabela.com.br\/site\/","title":{"rendered":"Homepage"},"content":{"rendered":"<div class=\"wpb-content-wrapper\"><p>[vc_row][vc_column]\n\t\t\t<!-- START slider2 REVOLUTION SLIDER 6.7.18 --><p class=\"rs-p-wp-fix\"><\/p>\n\t\t\t<rs-module-wrap id=\"rev_slider_2_1_wrapper\" data-source=\"gallery\" style=\"visibility:hidden;background:transparent;padding:0;margin:0px auto;margin-top:0;margin-bottom:0;\">\n\t\t\t\t<rs-module id=\"rev_slider_2_1\" style=\"\" data-version=\"6.7.18\">\n\t\t\t\t\t<rs-slides style=\"overflow: hidden; position: absolute;\">\n\t\t\t\t\t\t<rs-slide style=\"position: absolute;\" data-key=\"rs-22\" data-title=\"Slide\" data-thumb=\"\/\/lucchesidolabela.com.br\/site\/wp-content\/uploads\/2020\/10\/01S-100x50.jpg\" data-duration=\"6410\" data-in=\"o:0;\" data-out=\"a:false;\">\n\t\t\t\t\t\t\t<img decoding=\"async\" src=\"\/\/lucchesidolabela.com.br\/site\/wp-content\/plugins\/revslider\/sr6\/assets\/assets\/dummy.png\" alt=\"\" title=\"01S\" width=\"1920\" height=\"620\" class=\"rev-slidebg tp-rs-img rs-lazyload\" data-lazyload=\"\/\/lucchesidolabela.com.br\/site\/wp-content\/uploads\/2020\/10\/01S.jpg\" data-no-retina>\n<!--\n\t\t\t\t\t\t\t--><rs-layer\n\t\t\t\t\t\t\t\tid=\"slider-2-slide-22-layer-3\" \n\t\t\t\t\t\t\t\tdata-type=\"text\"\n\t\t\t\t\t\t\t\tdata-color=\"rgba(255, 255, 255, 1)\"\n\t\t\t\t\t\t\t\tdata-rsp_ch=\"on\"\n\t\t\t\t\t\t\t\tdata-xy=\"x:l,l,c,c;xo:35px,60px,0,0;y:m;yo:-18px,-71px,-105px,-22px;\"\n\t\t\t\t\t\t\t\tdata-text=\"s:45,45,45,29;l:46,46,50,32;fw:600,600,700,700;a:inherit,inherit,center,center;\"\n\t\t\t\t\t\t\t\tdata-dim=\"w:auto,auto,auto,233px;h:auto,auto,auto,75px;\"\n\t\t\t\t\t\t\t\tdata-frame_0=\"y:-41px,-41px,-41px,-34px;\"\n\t\t\t\t\t\t\t\tdata-frame_1=\"st:840;sp:1130;sR:840;\"\n\t\t\t\t\t\t\t\tdata-frame_999=\"o:0;st:6069.84375;sR:4099.84375;\"\n\t\t\t\t\t\t\t\tstyle=\"z-index:5;font-family:'Poppins';\"\n\t\t\t\t\t\t\t>H\u00e1 mais de 15 anos \n\t\t\t\t\t\t\t<\/rs-layer><!--\n\n\t\t\t\t\t\t\t--><rs-layer\n\t\t\t\t\t\t\t\tid=\"slider-2-slide-22-layer-5\" \n\t\t\t\t\t\t\t\tdata-type=\"text\"\n\t\t\t\t\t\t\t\tdata-color=\"rgba(255, 255, 255, 1)\"\n\t\t\t\t\t\t\t\tdata-rsp_ch=\"on\"\n\t\t\t\t\t\t\t\tdata-xy=\"x:l,l,c,c;xo:36px,61px,0,-1px;y:m;yo:19px,5px,-105px,30px;\"\n\t\t\t\t\t\t\t\tdata-text=\"s:18,18,45,15;l:22,22,50,17;fw:600,600,700,700;a:inherit,inherit,center,center;\"\n\t\t\t\t\t\t\t\tdata-dim=\"w:587px,295px,auto,449px;\"\n\t\t\t\t\t\t\t\tdata-frame_0=\"y:-18px,-18px,-18px,-10px;\"\n\t\t\t\t\t\t\t\tdata-frame_1=\"st:840;sp:1130;sR:840;\"\n\t\t\t\t\t\t\t\tdata-frame_999=\"o:0;st:6069.84375;sR:4099.84375;\"\n\t\t\t\t\t\t\t\tstyle=\"z-index:5;font-family:'Raleway';\"\n\t\t\t\t\t\t\t>Prestando servi\u00e7os jur\u00eddicos consultivos e contenciosos. \n\t\t\t\t\t\t\t<\/rs-layer><!--\n-->\t\t\t\t\t<\/rs-slide>\n\t\t\t\t\t\t<rs-slide style=\"position: absolute;\" data-key=\"rs-19\" data-title=\"Slide\" data-thumb=\"\/\/lucchesidolabela.com.br\/site\/wp-content\/uploads\/2020\/10\/02S-100x50.jpg\" data-duration=\"6410\" data-anim=\"r:0;\" data-in=\"o:0;\" data-out=\"a:false;\">\n\t\t\t\t\t\t\t<img decoding=\"async\" src=\"\/\/lucchesidolabela.com.br\/site\/wp-content\/plugins\/revslider\/sr6\/assets\/assets\/dummy.png\" alt=\"\" title=\"02S\" width=\"1920\" height=\"620\" class=\"rev-slidebg tp-rs-img rs-lazyload\" data-lazyload=\"\/\/lucchesidolabela.com.br\/site\/wp-content\/uploads\/2020\/10\/02S.jpg\" data-no-retina>\n<!--\n\t\t\t\t\t\t\t--><rs-layer\n\t\t\t\t\t\t\t\tid=\"slider-2-slide-19-layer-3\" \n\t\t\t\t\t\t\t\tdata-type=\"text\"\n\t\t\t\t\t\t\t\tdata-color=\"rgba(255, 255, 255, 1)\"\n\t\t\t\t\t\t\t\tdata-rsp_ch=\"on\"\n\t\t\t\t\t\t\t\tdata-xy=\"x:l,l,c,c;xo:36px,60px,0,0;y:m;yo:-45px,-71px,-105px,-22px;\"\n\t\t\t\t\t\t\t\tdata-text=\"s:45,45,45,29;l:46,46,50,32;fw:600,600,700,700;a:inherit,inherit,center,center;\"\n\t\t\t\t\t\t\t\tdata-dim=\"w:auto,auto,auto,233px;h:auto,auto,auto,75px;\"\n\t\t\t\t\t\t\t\tdata-frame_0=\"y:-41px,-41px,-41px,-34px;tp:600;\"\n\t\t\t\t\t\t\t\tdata-frame_1=\"tp:600;st:840;sp:1130;sR:840;\"\n\t\t\t\t\t\t\t\tdata-frame_999=\"o:0;tp:600;st:6069.84375;sR:4099.84375;\"\n\t\t\t\t\t\t\t\tstyle=\"z-index:5;font-family:'Poppins';\"\n\t\t\t\t\t\t\t>Focamos no <br> resultado. \n\t\t\t\t\t\t\t<\/rs-layer><!--\n\n\t\t\t\t\t\t\t--><rs-layer\n\t\t\t\t\t\t\t\tid=\"slider-2-slide-19-layer-5\" \n\t\t\t\t\t\t\t\tdata-type=\"text\"\n\t\t\t\t\t\t\t\tdata-color=\"rgba(255, 255, 255, 1)\"\n\t\t\t\t\t\t\t\tdata-rsp_ch=\"on\"\n\t\t\t\t\t\t\t\tdata-xy=\"x:l,l,c,c;xo:36px,61px,0,0;y:m;yo:19px,5px,-105px,27px;\"\n\t\t\t\t\t\t\t\tdata-text=\"s:18,18,45,14;l:22,22,50,14;fw:600,600,700,700;a:inherit,inherit,center,center;\"\n\t\t\t\t\t\t\t\tdata-dim=\"w:587px,295px,auto,459px;\"\n\t\t\t\t\t\t\t\tdata-frame_0=\"y:-18px,-18px,-18px,-8px;tp:600;\"\n\t\t\t\t\t\t\t\tdata-frame_1=\"tp:600;st:840;sp:1130;sR:840;\"\n\t\t\t\t\t\t\t\tdata-frame_999=\"o:0;tp:600;st:6069.84375;sR:4099.84375;\"\n\t\t\t\t\t\t\t\tstyle=\"z-index:5;font-family:'Raleway';\"\n\t\t\t\t\t\t\t>Buscando solu\u00e7\u00f5es criativas para casos complexos e desafiadores.  \n\t\t\t\t\t\t\t<\/rs-layer><!--\n-->\t\t\t\t\t<\/rs-slide>\n\t\t\t\t\t\t<rs-slide style=\"position: absolute;\" data-key=\"rs-20\" data-title=\"Slide\" data-thumb=\"\/\/lucchesidolabela.com.br\/site\/wp-content\/uploads\/2020\/10\/03S-100x50.jpg\" data-duration=\"6410\" data-anim=\"r:0;\" data-in=\"o:0;\" data-out=\"a:false;\">\n\t\t\t\t\t\t\t<img decoding=\"async\" src=\"\/\/lucchesidolabela.com.br\/site\/wp-content\/plugins\/revslider\/sr6\/assets\/assets\/dummy.png\" alt=\"\" title=\"03S\" width=\"1920\" height=\"620\" class=\"rev-slidebg tp-rs-img rs-lazyload\" data-lazyload=\"\/\/lucchesidolabela.com.br\/site\/wp-content\/uploads\/2020\/10\/03S.jpg\" data-no-retina>\n<!--\n\t\t\t\t\t\t\t--><rs-layer\n\t\t\t\t\t\t\t\tid=\"slider-2-slide-20-layer-3\" \n\t\t\t\t\t\t\t\tdata-type=\"text\"\n\t\t\t\t\t\t\t\tdata-color=\"rgba(255, 255, 255, 1)\"\n\t\t\t\t\t\t\t\tdata-rsp_ch=\"on\"\n\t\t\t\t\t\t\t\tdata-xy=\"x:l,l,c,c;xo:34px,60px,0,0;y:m;yo:-43px,-65px,-105px,-12px;\"\n\t\t\t\t\t\t\t\tdata-text=\"s:45,45,45,26;l:46,46,50,29;fw:600,600,700,700;a:inherit,inherit,center,center;\"\n\t\t\t\t\t\t\t\tdata-dim=\"w:auto,auto,auto,272px;\"\n\t\t\t\t\t\t\t\tdata-frame_0=\"y:-41px,-41px,-41px,-30px;tp:600;\"\n\t\t\t\t\t\t\t\tdata-frame_1=\"tp:600;st:840;sp:1130;sR:840;\"\n\t\t\t\t\t\t\t\tdata-frame_999=\"o:0;tp:600;st:6069.84375;sR:4099.84375;\"\n\t\t\t\t\t\t\t\tstyle=\"z-index:5;font-family:'Poppins';\"\n\t\t\t\t\t\t\t>Solu\u00e7\u00e3o pac\u00edfica <br> de conflitos. \n\t\t\t\t\t\t\t<\/rs-layer><!--\n\n\t\t\t\t\t\t\t--><rs-layer\n\t\t\t\t\t\t\t\tid=\"slider-2-slide-20-layer-9\" \n\t\t\t\t\t\t\t\tdata-type=\"text\"\n\t\t\t\t\t\t\t\tdata-color=\"rgba(255, 255, 255, 1)\"\n\t\t\t\t\t\t\t\tdata-rsp_ch=\"on\"\n\t\t\t\t\t\t\t\tdata-xy=\"x:l,l,c,c;xo:35px,64px,0,1px;y:m;yo:22px,17px,-105px,51px;\"\n\t\t\t\t\t\t\t\tdata-text=\"s:19,19,45,16;l:23,23,50,17;fw:600,600,700,700;a:inherit,inherit,center,center;\"\n\t\t\t\t\t\t\t\tdata-dim=\"w:auto,auto,auto,488px;h:auto,auto,auto,37px;\"\n\t\t\t\t\t\t\t\tdata-frame_0=\"y:-19px,-19px,-19px,-10px;tp:600;\"\n\t\t\t\t\t\t\t\tdata-frame_1=\"tp:600;st:840;sp:1130;sR:840;\"\n\t\t\t\t\t\t\t\tdata-frame_999=\"o:0;tp:600;st:6069.84375;sR:4099.84375;\"\n\t\t\t\t\t\t\t\tstyle=\"z-index:5;font-family:'Raleway';\"\n\t\t\t\t\t\t\t>Proatividade no trabalho e efici\u00eancia nos servi\u00e7os prestados. \n\t\t\t\t\t\t\t<\/rs-layer><!--\n-->\t\t\t\t\t<\/rs-slide>\n\t\t\t\t\t<\/rs-slides>\n\t\t\t\t<\/rs-module>\n\t\t\t\t<script>\n\t\t\t\t\tsetREVStartSize({c: 'rev_slider_2_1',rl:[1240,1024,778,480],el:[620,620,450,450],gw:[1240,1024,778,480],gh:[620,620,450,450],type:'standard',justify:'',layout:'fullwidth',mh:\"0\"});if (window.RS_MODULES!==undefined && window.RS_MODULES.modules!==undefined && window.RS_MODULES.modules[\"revslider21\"]!==undefined) {window.RS_MODULES.modules[\"revslider21\"].once = false;window.revapi2 = undefined;if (window.RS_MODULES.checkMinimal!==undefined) window.RS_MODULES.checkMinimal()}\n\t\t\t\t<\/script>\n\t\t\t<\/rs-module-wrap>\n\t\t\t<!-- END REVOLUTION SLIDER -->\n[\/vc_column][\/vc_row][vc_row css_animation=&#8221;none&#8221; el_class=&#8221;about-home-one&#8221;][vc_column css_animation=&#8221;none&#8221; width=&#8221;7\/12&#8243;][vc_empty_space height=&#8221;100px&#8221;][vc_column_text css=&#8221;&#8221;]<\/p>\n<blockquote>\n<p><span style=\"font-weight: 400;\">Com 15 anos de atua\u00e7\u00e3o em Minas Gerais, o Lucchesi &amp; Dolabela oferece assessoria jur\u00eddica consultiva e contenciosa com excel\u00eancia t\u00e9cnica, \u00e9tica e comprometimento.\u00a0<\/span><\/p>\n<p><span style=\"font-weight: 400;\">Unimos experi\u00eancia, criatividade e vis\u00e3o estrat\u00e9gica para resolver conflitos complexos, proteger direitos e gerar valor para pessoas, empresas e a sociedade.<\/span><\/p>\n<\/blockquote>\n<p>[\/vc_column_text][\/vc_column][vc_column width=&#8221;2\/12&#8243;][vc_empty_space][vc_empty_space][tt_vc_button_shortcode btn_link=&#8221;url:https%3A%2F%2Flucchesidolabela.com.br%2Fsite%2Fo_escritorio%2F|title:Saiba%20Mais&#8230;||&#8221; text=&#8221;more about us&#8221;][tt_vc_button_shortcode btn_link=&#8221;url:https%3A%2F%2Flucchesidolabela.com.br%2Fsite%2Fblog%2F|title:Conhe%C3%A7a%20nosso%20Blog|target:%20_blank|&#8221; text=&#8221;more about us&#8221;][\/vc_column][vc_column width=&#8221;3\/12&#8243;][vc_single_image image=&#8221;3147&#8243; img_size=&#8221;full&#8221; css_animation=&#8221;none&#8221; css=&#8221;.vc_custom_1602102473720{margin-bottom: 0px !important;}&#8221;][\/vc_column][\/vc_row][vc_row][vc_column][\/vc_column][\/vc_row][vc_row full_width=&#8221;stretch_row_content&#8221; css=&#8221;.vc_custom_1602103532661{background-image: url(https:\/\/lucchesidolabela.com.br\/site\/wp-content\/uploads\/2020\/10\/4s-2.jpg?id=3159) !important;}&#8221;][vc_column][vc_empty_space][vc_empty_space][vc_empty_space][vc_empty_space][vc_empty_space][vc_column_text]<\/p>\n<h4 style=\"text-align: center;\"><span style=\"color: #ffffff;\">Dentre os nossos valores, encontram-se a boa-f\u00e9 no tratamento,<br \/>\na proatividade no trabalho e a efici\u00eancia do servi\u00e7o.<\/span><\/h4>\n<p>[\/vc_column_text][vc_empty_space][vc_empty_space][vc_empty_space][vc_empty_space][vc_empty_space][vc_empty_space][vc_empty_space][\/vc_column][\/vc_row][vc_row][vc_column][vc_separator][\/vc_column][\/vc_row][vc_row full_width=&#8221;stretch_row_content_no_spaces&#8221; content_placement=&#8221;middle&#8221; el_class=&#8221;request-a-qoute home-page-two&#8221;][vc_column width=&#8221;7\/12&#8243; el_class=&#8221;request-a-qoute-content home1&#8243; css=&#8221;.vc_custom_1532960437793{padding-top: 0px !important;padding-right: 0px !important;padding-bottom: 0px !important;padding-left: 0px !important;}&#8221;][vc_column_text]<\/p>\n<div class=\"title\">\n<h2>Fale Conosco<\/h2>\n<\/div>\n<p>[\/vc_column_text]\n<div class=\"wpcf7 no-js\" id=\"wpcf7-f2293-o1\" lang=\"en-US\" dir=\"ltr\" data-wpcf7-id=\"2293\">\n<div class=\"screen-reader-response\"><p role=\"status\" aria-live=\"polite\" aria-atomic=\"true\"><\/p> <ul><\/ul><\/div>\n<form action=\"\/site\/wp-json\/wp\/v2\/pages\/2817#wpcf7-f2293-o1\" method=\"post\" class=\"wpcf7-form init\" aria-label=\"Contact form\" novalidate=\"novalidate\" data-status=\"init\">\n<fieldset class=\"hidden-fields-container\"><input type=\"hidden\" name=\"_wpcf7\" value=\"2293\" \/><input type=\"hidden\" name=\"_wpcf7_version\" value=\"6.1.5\" \/><input type=\"hidden\" name=\"_wpcf7_locale\" value=\"en_US\" \/><input type=\"hidden\" name=\"_wpcf7_unit_tag\" value=\"wpcf7-f2293-o1\" \/><input type=\"hidden\" name=\"_wpcf7_container_post\" value=\"0\" \/><input type=\"hidden\" name=\"_wpcf7_posted_data_hash\" value=\"\" \/>\n<\/fieldset>\n<div>\n\t<p><span class=\"wpcf7-form-control-wrap\" data-name=\"your-name\"><input size=\"40\" maxlength=\"400\" class=\"wpcf7-form-control wpcf7-text tt_input\" aria-invalid=\"false\" placeholder=\"Nome:\" value=\"\" type=\"text\" name=\"your-name\" \/><\/span><br \/>\n<span class=\"wpcf7-form-control-wrap\" data-name=\"your-email\"><input size=\"40\" maxlength=\"400\" class=\"wpcf7-form-control wpcf7-email wpcf7-text wpcf7-validates-as-email tt_input\" aria-invalid=\"false\" placeholder=\"E-mail:\" value=\"\" type=\"email\" name=\"your-email\" \/><\/span><br \/>\n<span class=\"wpcf7-form-control-wrap\" data-name=\"your-name2\"><input size=\"40\" maxlength=\"400\" class=\"wpcf7-form-control wpcf7-text tt_input\" aria-invalid=\"false\" placeholder=\"Telefone\/WhatsApp:\" value=\"\" type=\"text\" name=\"your-name2\" \/><\/span><br \/>\n<span class=\"wpcf7-form-control-wrap\" data-name=\"your-message\"><textarea cols=\"40\" rows=\"10\" maxlength=\"2000\" class=\"wpcf7-form-control wpcf7-textarea tt_textarea\" aria-invalid=\"false\" placeholder=\"Mensagem:\" name=\"your-message\"><\/textarea><\/span><br \/>\n<input class=\"wpcf7-form-control wpcf7-submit has-spinner tt_submit\" type=\"submit\" value=\"Enviar\" \/>\n\t<\/p>\n<\/div><div class=\"wpcf7-response-output\" aria-hidden=\"true\"><\/div>\n<\/form>\n<\/div>\n[vc_single_image image=&#8221;3783&#8243; img_size=&#8221;335&#215;110&#8243; css_animation=&#8221;fadeInLeft&#8221; css=&#8221;&#8221;][\/vc_column][vc_column width=&#8221;5\/12&#8243; css=&#8221;.vc_custom_1516273915601{padding-top: 0px !important;padding-right: 0px !important;padding-bottom: 0px !important;padding-left: 0px !important;}&#8221;][vc_gmaps link=&#8221;#E-8_JTNDaWZyYW1lJTIwc3JjJTNEJTIyaHR0cHMlM0ElMkYlMkZ3d3cuZ29vZ2xlLmNvbSUyRm1hcHMlMkZlbWJlZCUzRnBiJTNEJTIxMW0xOCUyMTFtMTIlMjExbTMlMjExZDM3NTAuNjczMDEzODUzNjY0NSUyMTJkLTQzLjk1MDAwNDc4NTA4NTMyNiUyMTNkLTE5LjkzODE3OTQ4NjU5OTIxJTIxMm0zJTIxMWYwJTIxMmYwJTIxM2YwJTIxM20yJTIxMWkxMDI0JTIxMmk3NjglMjE0ZjEzLjElMjEzbTMlMjExbTIlMjExczB4YTY5NzdjODdmYzUzYTklMjUzQTB4OTA5Y2Y3YjBlZjY0ODhjZSUyMTJzQXYuJTI1MjBQcnVkZW50ZSUyNTIwZGUlMjUyME1vcmFpcyUyNTJDJTI1MjAyOTAlMjUyMC0lMjUyMFNhbnRvJTI1MjBBbnQlMjVDMyUyNUI0bmlvJTI1MkMlMjUyMEJlbG8lMjUyMEhvcml6b250ZSUyNTIwLSUyNTIwTUclMjUyQyUyNTIwMzAzODAtMDAyJTIxNWUwJTIxM20yJTIxMXNwdC1CUiUyMTJzYnIlMjE0djE2MDIxMDQyMDc2NDUlMjE1bTIlMjExc3B0LUJSJTIxMnNiciUyMiUyMHdpZHRoJTNEJTIyNjAwJTIyJTIwaGVpZ2h0JTNEJTIyNDUwJTIyJTIwZnJhbWVib3JkZXIlM0QlMjIwJTIyJTIwc3R5bGUlM0QlMjJib3JkZXIlM0EwJTNCJTIyJTIwYWxsb3dmdWxsc2NyZWVuJTNEJTIyJTIyJTIwYXJpYS1oaWRkZW4lM0QlMjJmYWxzZSUyMiUyMHRhYmluZGV4JTNEJTIyMCUyMiUzRSUzQyUyRmlmcmFtZSUzRQ==&#8221; size=&#8221;750&#8243; el_class=&#8221;tt-map&#8221;][\/vc_column][\/vc_row][vc_row][vc_column width=&#8221;1\/3&#8243; css=&#8221;.vc_custom_1678240438684{border-radius: 1px !important;}&#8221;][vc_wp_custommenu title=&#8221;Menu&#8221; nav_menu=&#8221;43&#8243;][\/vc_column][vc_column width=&#8221;2\/3&#8243;][vc_empty_space][vc_wp_posts number=&#8221;5&#8243; show_date=&#8221;1&#8243;][\/vc_column][\/vc_row]<\/p>\n<\/div>","protected":false},"excerpt":{"rendered":"<p>[vc_row][vc_column][\/vc_column][\/vc_row][vc_row css_animation=&#8221;none&#8221; el_class=&#8221;about-home-one&#8221;][vc_column css_animation=&#8221;none&#8221; width=&#8221;7\/12&#8243;][vc_empty_space height=&#8221;100px&#8221;][vc_column_text css=&#8221;&#8221;] Com 15 anos de atua\u00e7\u00e3o em Minas Gerais, o Lucchesi &amp; Dolabela oferece assessoria jur\u00eddica consultiva e contenciosa com excel\u00eancia t\u00e9cnica, \u00e9tica e comprometimento.\u00a0 Unimos experi\u00eancia, criatividade e vis\u00e3o estrat\u00e9gica para resolver conflitos complexos, proteger direitos e gerar valor para pessoas, empresas e a sociedade. [\/vc_column_text][\/vc_column][vc_column width=&#8221;2\/12&#8243;][vc_empty_space][vc_empty_space][tt_vc_button_shortcode btn_link=&#8221;url:https%3A%2F%2Flucchesidolabela.com.br%2Fsite%2Fo_escritorio%2F|title:Saiba%20Mais&#8230;||&#8221; [&hellip;]<\/p>\n","protected":false},"author":9,"featured_media":0,"parent":0,"menu_order":0,"comment_status":"closed","ping_status":"closed","template":"","meta":{"footnotes":""},"class_list":["post-2817","page","type-page","status-publish","hentry"],"_links":{"self":[{"href":"https:\/\/lucchesidolabela.com.br\/site\/wp-json\/wp\/v2\/pages\/2817","targetHints":{"allow":["GET"]}}],"collection":[{"href":"https:\/\/lucchesidolabela.com.br\/site\/wp-json\/wp\/v2\/pages"}],"about":[{"href":"https:\/\/lucchesidolabela.com.br\/site\/wp-json\/wp\/v2\/types\/page"}],"author":[{"embeddable":true,"href":"https:\/\/lucchesidolabela.com.br\/site\/wp-json\/wp\/v2\/users\/9"}],"replies":[{"embeddable":true,"href":"https:\/\/lucchesidolabela.com.br\/site\/wp-json\/wp\/v2\/comments?post=2817"}],"version-history":[{"count":92,"href":"https:\/\/lucchesidolabela.com.br\/site\/wp-json\/wp\/v2\/pages\/2817\/revisions"}],"predecessor-version":[{"id":3786,"href":"https:\/\/lucchesidolabela.com.br\/site\/wp-json\/wp\/v2\/pages\/2817\/revisions\/3786"}],"wp:attachment":[{"href":"https:\/\/lucchesidolabela.com.br\/site\/wp-json\/wp\/v2\/media?parent=2817"}],"curies":[{"name":"wp","href":"https:\/\/api.w.org\/{rel}","templated":true}]}}