{"id":2786,"date":"2018-07-30T10:15:50","date_gmt":"2018-07-30T10:15:50","guid":{"rendered":"http:\/\/ranbron.bolvo.com\/?page_id=2786"},"modified":"2025-06-05T14:13:00","modified_gmt":"2025-06-05T17:13:00","slug":"equipe","status":"publish","type":"page","link":"https:\/\/lucchesidolabela.com.br\/site\/equipe\/","title":{"rendered":"Nossa Equipe"},"content":{"rendered":"<div class=\"wpb-content-wrapper\"><p>[vc_row][vc_column][vc_empty_space][vc_empty_space][vc_empty_space][vc_empty_space][\/vc_column][\/vc_row][vc_row full_width=&#8221;stretch_row&#8221; el_class=&#8221;advisor-area home-page-two sec-pad&#8221; css=&#8221;.vc_custom_1533035296881{padding-top: 1px !important;padding-bottom: 20px !important;}&#8221;][vc_column width=&#8221;1\/4&#8243; el_class=&#8221;sec-title two&#8221;][tt_vc_team_shortcode name=&#8221;Keli Cristina Alves Lucchesi&#8221; image=&#8221;3471&#8243; icon1=&#8221;&#8221; icon2=&#8221;&#8221; icon3=&#8221;&#8221; icon4=&#8221;&#8221;][vc_empty_space height=&#8221;50px&#8221;][\/vc_column][vc_column css_animation=&#8221;fadeInLeft&#8221; width=&#8221;3\/4&#8243;][vc_column_text]S\u00f3cia-fundadora do escrit\u00f3rio, especialista em Direito de Fam\u00edlia e Sucess\u00f5es, com mais de 15 anos de experi\u00eancia na advocacia.[\/vc_column_text][vc_empty_space height=&#8221;50px&#8221;][\/vc_column][\/vc_row][vc_row full_width=&#8221;stretch_row&#8221; el_class=&#8221;advisor-area home-page-two sec-pad&#8221; css=&#8221;.vc_custom_1533035296881{padding-top: 1px !important;padding-bottom: 20px !important;}&#8221;][vc_column width=&#8221;1\/4&#8243; el_class=&#8221;sec-title two&#8221;][tt_vc_team_shortcode name=&#8221;Louis Dolabela Irtthum&#8221; image=&#8221;3480&#8243; icon1=&#8221;&#8221; icon2=&#8221;&#8221; icon3=&#8221;&#8221; icon4=&#8221;&#8221;][vc_empty_space height=&#8221;50px&#8221;][\/vc_column][vc_column css_animation=&#8221;fadeInLeft&#8221; width=&#8221;3\/4&#8243;][vc_column_text css=&#8221;&#8221;]<span style=\"font-weight: 400;\">S\u00f3cio-fundador | Advogado especialista em Direito Civil, do Consumidor, de Fam\u00edlia e Desportivo<\/span><\/p>\n<p><span style=\"font-weight: 400;\">Graduado em Direito, \u00e9 p\u00f3s-graduado em Direito Processual Civil e em Direito Desportivo e Neg\u00f3cios pelo Centro de Estudos em Direito e Neg\u00f3cios (CEDIN). Possui tamb\u00e9m forma\u00e7\u00e3o em Media\u00e7\u00e3o Familiar.<\/span><\/p>\n<p><span style=\"font-weight: 400;\">Atua com destaque nas \u00e1reas de Direito Civil, do Consumidor, de Fam\u00edlia e Desportivo, tanto em \u00e2mbito consultivo quanto contencioso.<\/span><\/p>\n<p><span style=\"font-weight: 400;\">\u00c9 membro da Comiss\u00e3o de Direito Banc\u00e1rio da OAB\/MG, do Instituto Brasileiro de Direito Desportivo (IBDD) e do Instituto Brasileiro de Direito de Fam\u00edlia (IBDFAM). J\u00e1 atuou como auditor do Tribunal de Justi\u00e7a Desportiva de Minas Gerais e como integrante da Comiss\u00e3o de Defesa do Consumidor da OAB\/MG.<\/span>[\/vc_column_text][\/vc_column][\/vc_row][vc_row full_width=&#8221;stretch_row&#8221; el_class=&#8221;advisor-area home-page-two sec-pad&#8221; css=&#8221;.vc_custom_1533035296881{padding-top: 1px !important;padding-bottom: 20px !important;}&#8221;][vc_column width=&#8221;1\/4&#8243; el_class=&#8221;sec-title two&#8221;][tt_vc_team_shortcode name=&#8221;Adriano Lucchesi&#8221; image=&#8221;3479&#8243; icon1=&#8221;&#8221; icon2=&#8221;&#8221; icon3=&#8221;&#8221; icon4=&#8221;&#8221;][vc_empty_space height=&#8221;50px&#8221;][\/vc_column][vc_column css_animation=&#8221;fadeInLeft&#8221; width=&#8221;3\/4&#8243;][vc_column_text css=&#8221;&#8221;]<span style=\"font-weight: 400;\">Advogado especialista em Direito Empresarial, Civil, Trabalhista e Desportivo<\/span><\/p>\n<p><span style=\"font-weight: 400;\">Graduado em Direito pela Universidade Federal de Minas Gerais (UFMG), \u00e9 especialista em Direito Civil e em Direito do Trabalho. Atualmente, \u00e9 p\u00f3s-graduando em Direito Empresarial pela Pontif\u00edcia Universidade Cat\u00f3lica de Minas Gerais (PUC Minas), em Direito Desportivo pelo Centro Universit\u00e1rio Amparense (UNIFIA) e em Direito do Trabalho pela Pontif\u00edcia Universidade Cat\u00f3lica do Rio Grande do Sul (PUC-RS).<\/span><\/p>\n<p><span style=\"font-weight: 400;\">Atua com \u00eanfase em assessoria jur\u00eddica estrat\u00e9gica para empresas e clientes individuais, abrangendo demandas consultivas e contenciosas nas \u00e1reas empresarial, trabalhista, civil e desportiva.<\/span>[\/vc_column_text][\/vc_column][\/vc_row][vc_row full_width=&#8221;stretch_row&#8221; el_class=&#8221;advisor-area home-page-two sec-pad&#8221; css=&#8221;.vc_custom_1533035296881{padding-top: 1px !important;padding-bottom: 20px !important;}&#8221;][vc_column width=&#8221;1\/4&#8243; el_class=&#8221;sec-title two&#8221;][tt_vc_team_shortcode name=&#8221;Andreza Coelho de Souza&#8221; image=&#8221;3770&#8243; icon1=&#8221;&#8221; icon2=&#8221;&#8221; icon3=&#8221;&#8221; icon4=&#8221;&#8221;][vc_empty_space height=&#8221;50px&#8221;][\/vc_column][vc_column css_animation=&#8221;fadeInLeft&#8221; width=&#8221;3\/4&#8243;][vc_column_text css=&#8221;&#8221;]<span style=\"font-weight: 400;\">Advogada especialista em Direito Civil e do Consumidor<\/span><\/p>\n<p><span style=\"font-weight: 400;\">Graduada em Direito pela Universidade Presidente Ant\u00f4nio Carlos \u2013 UNIPAC (unidade de Itabirito\/MG), \u00e9 especialista em Direito Processual pela Pontif\u00edcia Universidade Cat\u00f3lica de Minas Gerais (PUC Minas), com conclus\u00e3o em 2018.<\/span><\/p>\n<p><span style=\"font-weight: 400;\">Atua com foco em Direito Civil e do Consumidor, prestando assessoria jur\u00eddica em demandas judiciais e consultivas envolvendo responsabilidade civil, rela\u00e7\u00f5es contratuais e conflitos de consumo.<\/span>[\/vc_column_text][\/vc_column][\/vc_row][vc_row full_width=&#8221;stretch_row&#8221; el_class=&#8221;advisor-area home-page-two sec-pad&#8221; css=&#8221;.vc_custom_1533035296881{padding-top: 1px !important;padding-bottom: 20px !important;}&#8221;][vc_column width=&#8221;1\/4&#8243; el_class=&#8221;sec-title two&#8221;][tt_vc_team_shortcode name=&#8221;Elisa Bertilla&#8221; image=&#8221;3771&#8243; icon1=&#8221;&#8221; icon2=&#8221;&#8221; icon3=&#8221;&#8221; icon4=&#8221;&#8221;][vc_empty_space height=&#8221;50px&#8221;][\/vc_column][vc_column css_animation=&#8221;fadeInLeft&#8221; width=&#8221;3\/4&#8243;][vc_column_text css=&#8221;&#8221;]<span style=\"font-weight: 400;\">Advogada especialista em Direito das Fam\u00edlias e Sucess\u00f5es<\/span><\/p>\n<p><span style=\"font-weight: 400;\">Graduada em Direito pela Pontif\u00edcia Universidade Cat\u00f3lica de Minas Gerais (PUC Minas), \u00e9 tamb\u00e9m bacharel em Rela\u00e7\u00f5es Internacionais pela mesma institui\u00e7\u00e3o. Possui Mestrado em Direito pela PUC Minas e especializa\u00e7\u00e3o em Direito das Fam\u00edlias e Sucess\u00f5es pela Escola Brasileira de Direito (EBRADI).<\/span><\/p>\n<p><span style=\"font-weight: 400;\">Atua com foco em demandas judiciais e consultivas envolvendo quest\u00f5es familiares e sucess\u00f3rias, como div\u00f3rcios, guarda, invent\u00e1rios e partilhas.<\/span>[\/vc_column_text][\/vc_column][\/vc_row]<\/p>\n<\/div>","protected":false},"excerpt":{"rendered":"<p>[vc_row][vc_column][vc_empty_space][vc_empty_space][vc_empty_space][vc_empty_space][\/vc_column][\/vc_row][vc_row full_width=&#8221;stretch_row&#8221; el_class=&#8221;advisor-area home-page-two sec-pad&#8221; css=&#8221;.vc_custom_1533035296881{padding-top: 1px !important;padding-bottom: 20px !important;}&#8221;][vc_column width=&#8221;1\/4&#8243; el_class=&#8221;sec-title two&#8221;][tt_vc_team_shortcode name=&#8221;Keli Cristina Alves Lucchesi&#8221; image=&#8221;3471&#8243; icon1=&#8221;&#8221; icon2=&#8221;&#8221; icon3=&#8221;&#8221; icon4=&#8221;&#8221;][vc_empty_space height=&#8221;50px&#8221;][\/vc_column][vc_column css_animation=&#8221;fadeInLeft&#8221; width=&#8221;3\/4&#8243;][vc_column_text]S\u00f3cia-fundadora do escrit\u00f3rio, especialista em Direito de Fam\u00edlia e Sucess\u00f5es, com mais de 15 anos de experi\u00eancia na advocacia.[\/vc_column_text][vc_empty_space height=&#8221;50px&#8221;][\/vc_column][\/vc_row][vc_row full_width=&#8221;stretch_row&#8221; el_class=&#8221;advisor-area home-page-two sec-pad&#8221; css=&#8221;.vc_custom_1533035296881{padding-top: 1px !important;padding-bottom: 20px !important;}&#8221;][vc_column width=&#8221;1\/4&#8243; el_class=&#8221;sec-title [&hellip;]<\/p>\n","protected":false},"author":9,"featured_media":0,"parent":0,"menu_order":0,"comment_status":"closed","ping_status":"closed","template":"","meta":{"footnotes":""},"class_list":["post-2786","page","type-page","status-publish","hentry"],"_links":{"self":[{"href":"https:\/\/lucchesidolabela.com.br\/site\/wp-json\/wp\/v2\/pages\/2786","targetHints":{"allow":["GET"]}}],"collection":[{"href":"https:\/\/lucchesidolabela.com.br\/site\/wp-json\/wp\/v2\/pages"}],"about":[{"href":"https:\/\/lucchesidolabela.com.br\/site\/wp-json\/wp\/v2\/types\/page"}],"author":[{"embeddable":true,"href":"https:\/\/lucchesidolabela.com.br\/site\/wp-json\/wp\/v2\/users\/9"}],"replies":[{"embeddable":true,"href":"https:\/\/lucchesidolabela.com.br\/site\/wp-json\/wp\/v2\/comments?post=2786"}],"version-history":[{"count":35,"href":"https:\/\/lucchesidolabela.com.br\/site\/wp-json\/wp\/v2\/pages\/2786\/revisions"}],"predecessor-version":[{"id":3789,"href":"https:\/\/lucchesidolabela.com.br\/site\/wp-json\/wp\/v2\/pages\/2786\/revisions\/3789"}],"wp:attachment":[{"href":"https:\/\/lucchesidolabela.com.br\/site\/wp-json\/wp\/v2\/media?parent=2786"}],"curies":[{"name":"wp","href":"https:\/\/api.w.org\/{rel}","templated":true}]}}