{"id":2339,"date":"2018-01-16T11:05:59","date_gmt":"2018-01-16T11:05:59","guid":{"rendered":"http:\/\/ranbron.bolvo.com\/?page_id=2339"},"modified":"2025-07-28T16:21:56","modified_gmt":"2025-07-28T19:21:56","slug":"areas-de-atuacao","status":"publish","type":"page","link":"https:\/\/lucchesidolabela.com.br\/site\/areas-de-atuacao\/","title":{"rendered":"\u00c1reas de Atua\u00e7\u00e3o"},"content":{"rendered":"<div class=\"wpb-content-wrapper\"><p>[vc_row full_width=&#8221;stretch_row&#8221; el_class=&#8221;service-page service-list&#8221;][vc_column css_animation=&#8221;fadeInLeft&#8221; width=&#8221;1\/2&#8243;][vc_column_text]<\/p>\n<ul>\n<li><span style=\"color: #000000;\">Direito Civil<\/span><\/li>\n<li><span style=\"color: #000000;\">Direito do Consumidor<\/span><\/li>\n<li><span style=\"color: #000000;\">Direito de Fam\u00edlia<\/span><\/li>\n<li><span style=\"color: #000000;\">Direito de Sucess\u00e3o<\/span><\/li>\n<li><span style=\"color: #000000;\">Direito Imobili\u00e1rio<\/span><\/li>\n<li><span style=\"color: #000000;\">Direito Banc\u00e1rio<\/span><\/li>\n<li><span style=\"color: #000000;\">Direito Desportivo<\/span><\/li>\n<\/ul>\n<p>[\/vc_column_text][\/vc_column][vc_column css_animation=&#8221;fadeInLeft&#8221; width=&#8221;1\/2&#8243;][vc_column_text]<\/p>\n<ul>\n<li><span style=\"color: #000000;\">Propriedade Intelectual<\/span><\/li>\n<li><span style=\"color: #000000;\">Direito do Trabalho<\/span><\/li>\n<li><span style=\"color: #000000;\">Direito Empresarial<\/span><\/li>\n<li><span style=\"color: #000000;\">Direito Administrativo<\/span><\/li>\n<li><span style=\"color: #000000;\">Direito M\u00e9dico<\/span><\/li>\n<li><span style=\"color: #000000;\">Direito de Sa\u00fade<\/span><\/li>\n<\/ul>\n<p>[\/vc_column_text][\/vc_column][\/vc_row][vc_row][vc_column][vc_separator][vc_empty_space height=&#8221;100px&#8221;][vc_empty_space height=&#8221;100px&#8221;][vc_empty_space height=&#8221;100px&#8221;][vc_empty_space height=&#8221;100px&#8221;][\/vc_column][\/vc_row]<\/p>\n<\/div>","protected":false},"excerpt":{"rendered":"<p>[vc_row full_width=&#8221;stretch_row&#8221; el_class=&#8221;service-page service-list&#8221;][vc_column css_animation=&#8221;fadeInLeft&#8221; width=&#8221;1\/2&#8243;][vc_column_text] Direito Civil Direito do Consumidor Direito de Fam\u00edlia Direito de Sucess\u00e3o Direito Imobili\u00e1rio Direito Banc\u00e1rio Direito Desportivo [\/vc_column_text][\/vc_column][vc_column css_animation=&#8221;fadeInLeft&#8221; width=&#8221;1\/2&#8243;][vc_column_text] Propriedade Intelectual Direito do Trabalho Direito Empresarial Direito Administrativo Direito M\u00e9dico Direito de Sa\u00fade [\/vc_column_text][\/vc_column][\/vc_row][vc_row][vc_column][vc_separator][vc_empty_space height=&#8221;100px&#8221;][vc_empty_space height=&#8221;100px&#8221;][vc_empty_space height=&#8221;100px&#8221;][vc_empty_space height=&#8221;100px&#8221;][\/vc_column][\/vc_row]<\/p>\n","protected":false},"author":9,"featured_media":0,"parent":0,"menu_order":0,"comment_status":"closed","ping_status":"closed","template":"","meta":{"footnotes":""},"class_list":["post-2339","page","type-page","status-publish","hentry"],"_links":{"self":[{"href":"https:\/\/lucchesidolabela.com.br\/site\/wp-json\/wp\/v2\/pages\/2339","targetHints":{"allow":["GET"]}}],"collection":[{"href":"https:\/\/lucchesidolabela.com.br\/site\/wp-json\/wp\/v2\/pages"}],"about":[{"href":"https:\/\/lucchesidolabela.com.br\/site\/wp-json\/wp\/v2\/types\/page"}],"author":[{"embeddable":true,"href":"https:\/\/lucchesidolabela.com.br\/site\/wp-json\/wp\/v2\/users\/9"}],"replies":[{"embeddable":true,"href":"https:\/\/lucchesidolabela.com.br\/site\/wp-json\/wp\/v2\/comments?post=2339"}],"version-history":[{"count":15,"href":"https:\/\/lucchesidolabela.com.br\/site\/wp-json\/wp\/v2\/pages\/2339\/revisions"}],"predecessor-version":[{"id":3855,"href":"https:\/\/lucchesidolabela.com.br\/site\/wp-json\/wp\/v2\/pages\/2339\/revisions\/3855"}],"wp:attachment":[{"href":"https:\/\/lucchesidolabela.com.br\/site\/wp-json\/wp\/v2\/media?parent=2339"}],"curies":[{"name":"wp","href":"https:\/\/api.w.org\/{rel}","templated":true}]}}