{"id":2315,"date":"2018-01-16T10:11:37","date_gmt":"2018-01-16T12:11:37","guid":{"rendered":"http:\/\/ranbron.bolvo.com\/?page_id=2315"},"modified":"2025-06-05T13:23:44","modified_gmt":"2025-06-05T16:23:44","slug":"o-escritorio","status":"publish","type":"page","link":"https:\/\/lucchesidolabela.com.br\/site\/o-escritorio\/","title":{"rendered":"O Escrit\u00f3rio"},"content":{"rendered":"<div class=\"wpb-content-wrapper\"><p>[vc_row full_width=&#8221;stretch_row&#8221; el_class=&#8221;about-section about-page&#8221; css=&#8221;.vc_custom_1531366134122{padding-bottom: 40px !important;}&#8221;][vc_column][vc_column_text css=&#8221;&#8221;]<span style=\"font-weight: 400;\">O Lucchesi &amp; Dolabela \u00e9 um escrit\u00f3rio de advocacia com 15 anos de atua\u00e7\u00e3o em Minas Gerais, prestando servi\u00e7os jur\u00eddicos consultivos e contenciosos em diversas \u00e1reas do Direito. Atuamos com foco em resultados, responsabilidade e proximidade com nossos clientes \u2014 pessoas f\u00edsicas e jur\u00eddicas que buscam solu\u00e7\u00f5es eficazes para demandas complexas e desafiadoras.<\/span><\/p>\n<h4 style=\"text-align: justify;\"><\/h4>\n<p><span style=\"font-weight: 400;\">Nosso diferencial est\u00e1 na combina\u00e7\u00e3o entre conhecimento t\u00e9cnico, dedica\u00e7\u00e3o humana e vis\u00e3o estrat\u00e9gica. Contamos com uma equipe experiente, qualificada e reconhecida, que atua com \u00e9tica, boa-f\u00e9 e proatividade em cada caso, sempre orientada pelo melhor interesse do cliente.<\/span><\/p>\n<h4 style=\"text-align: justify;\"><\/h4>\n<p><span style=\"font-weight: 400;\">Acreditamos que o Direito \u00e9 uma ferramenta para a pacifica\u00e7\u00e3o social e para a constru\u00e7\u00e3o de rela\u00e7\u00f5es mais justas. Por isso, buscamos solu\u00e7\u00f5es jur\u00eddicas que agreguem valor n\u00e3o apenas aos nossos clientes, mas tamb\u00e9m \u00e0 sociedade como um todo.<\/span><\/p>\n<h4 style=\"text-align: justify;\"><\/h4>\n<p><span style=\"font-weight: 400;\">Com uma cultura baseada na efici\u00eancia, inova\u00e7\u00e3o e no respeito \u00e0s pessoas, seguimos firmes na miss\u00e3o de representar e assistir com excel\u00eancia, contribuindo de forma relevante para o desenvolvimento do ambiente jur\u00eddico e do mercado em que atuamos.<\/span><\/p>\n<p>&nbsp;[\/vc_column_text][vc_empty_space height=&#8221;30px&#8221;][\/vc_column][\/vc_row][vc_row full_width=&#8221;stretch_row&#8221; el_class=&#8221;mission-history-area&#8221; css=&#8221;.vc_custom_1531366187529{padding-bottom: 40px !important;}&#8221;][vc_column css_animation=&#8221;fadeInLeft&#8221; width=&#8221;1\/2&#8243; el_class=&#8221;sec-title&#8221;][vc_column_text]<\/p>\n<h3>Miss\u00e3o<\/h3>\n<div class=\"line\"><\/div>\n<p>[\/vc_column_text][vc_column_text el_class=&#8221;misson-content&#8221;]<\/p>\n<div dir=\"ltr\" style=\"text-align: justify;\"><span style=\"color: #ffffff;\">Nossa miss\u00e3o \u00e9 assistir e representar pessoas na defesa de seus direitos e interesses. Por meio deste prop\u00f3sito, acreditamos contribuir para a pacifica\u00e7\u00e3o social, agregando valor ao mercado com \u00e9tica e profissionalismo.<\/span><b><br \/>\n<\/b><\/div>\n<p>[\/vc_column_text][\/vc_column][vc_column css_animation=&#8221;fadeInLeft&#8221; width=&#8221;1\/2&#8243; el_class=&#8221;sec-title&#8221;][vc_column_text css_animation=&#8221;none&#8221;]<\/p>\n<h3>Valores<\/h3>\n<div class=\"line\"><\/div>\n<p>[\/vc_column_text][vc_column_text el_class=&#8221;history-content&#8221;]<span style=\"color: #ffffff;\">Dentre os nossos valores, encontram-se a boa-f\u00e9 no tratamento, a proatividade no trabalho e a efici\u00eancia do servi\u00e7o.<\/span>[\/vc_column_text][\/vc_column][\/vc_row][vc_row][vc_column][vc_empty_space][\/vc_column][\/vc_row][vc_row][vc_column width=&#8221;1\/2&#8243;][vc_single_image image=&#8221;3181&#8243; img_size=&#8221;585&#215;400&#8243; onclick=&#8221;link_image&#8221;][\/vc_column][vc_column width=&#8221;1\/2&#8243;][vc_single_image image=&#8221;3180&#8243; img_size=&#8221;585&#215;400&#8243; onclick=&#8221;link_image&#8221;][\/vc_column][\/vc_row]<\/p>\n<\/div>","protected":false},"excerpt":{"rendered":"<p>[vc_row full_width=&#8221;stretch_row&#8221; el_class=&#8221;about-section about-page&#8221; css=&#8221;.vc_custom_1531366134122{padding-bottom: 40px !important;}&#8221;][vc_column][vc_column_text css=&#8221;&#8221;]O Lucchesi &amp; Dolabela \u00e9 um escrit\u00f3rio de advocacia com 15 anos de atua\u00e7\u00e3o em Minas Gerais, prestando servi\u00e7os jur\u00eddicos consultivos e contenciosos em diversas \u00e1reas do Direito. Atuamos com foco em resultados, responsabilidade e proximidade com nossos clientes \u2014 pessoas f\u00edsicas e jur\u00eddicas que buscam solu\u00e7\u00f5es eficazes [&hellip;]<\/p>\n","protected":false},"author":9,"featured_media":0,"parent":0,"menu_order":0,"comment_status":"closed","ping_status":"closed","template":"","meta":{"footnotes":""},"class_list":["post-2315","page","type-page","status-publish","hentry"],"_links":{"self":[{"href":"https:\/\/lucchesidolabela.com.br\/site\/wp-json\/wp\/v2\/pages\/2315","targetHints":{"allow":["GET"]}}],"collection":[{"href":"https:\/\/lucchesidolabela.com.br\/site\/wp-json\/wp\/v2\/pages"}],"about":[{"href":"https:\/\/lucchesidolabela.com.br\/site\/wp-json\/wp\/v2\/types\/page"}],"author":[{"embeddable":true,"href":"https:\/\/lucchesidolabela.com.br\/site\/wp-json\/wp\/v2\/users\/9"}],"replies":[{"embeddable":true,"href":"https:\/\/lucchesidolabela.com.br\/site\/wp-json\/wp\/v2\/comments?post=2315"}],"version-history":[{"count":37,"href":"https:\/\/lucchesidolabela.com.br\/site\/wp-json\/wp\/v2\/pages\/2315\/revisions"}],"predecessor-version":[{"id":3788,"href":"https:\/\/lucchesidolabela.com.br\/site\/wp-json\/wp\/v2\/pages\/2315\/revisions\/3788"}],"wp:attachment":[{"href":"https:\/\/lucchesidolabela.com.br\/site\/wp-json\/wp\/v2\/media?parent=2315"}],"curies":[{"name":"wp","href":"https:\/\/api.w.org\/{rel}","templated":true}]}}